{"id":946,"date":"2023-11-23T23:19:34","date_gmt":"2023-11-23T23:19:34","guid":{"rendered":"https:\/\/savemykids-backup.top\/?page_id=946"},"modified":"2025-10-17T22:42:21","modified_gmt":"2025-10-17T21:42:21","slug":"leons-growth","status":"publish","type":"page","link":"https:\/\/savemykids-backup.top\/index.php\/leons-growth\/","title":{"rendered":"Leons Growth"},"content":{"rendered":"<p>[et_pb_section fb_built=&#8221;1&#8243; admin_label=&#8221;Header&#8221; _builder_version=&#8221;4.20.0&#8243; _module_preset=&#8221;default&#8221; background_color=&#8221;gcid-05864f7b-18b4-424d-8937-0b09a7c6a082&#8243; collapsed=&#8221;on&#8221; global_colors_info=&#8221;{%22gcid-05864f7b-18b4-424d-8937-0b09a7c6a082%22:%91%22background_color%22%93}&#8221;][et_pb_row module_id=&#8221;#telltruth&#8221; _builder_version=&#8221;4.21.0&#8243; _module_preset=&#8221;default&#8221; global_colors_info=&#8221;{}&#8221;][et_pb_column type=&#8221;4_4&#8243; _builder_version=&#8221;4.20.0&#8243; _module_preset=&#8221;default&#8221; global_colors_info=&#8221;{}&#8221;][et_pb_text _builder_version=&#8221;4.20.0&#8243; _module_preset=&#8221;9f55f079-f760-4cd2-9248-0ae596afba9d&#8221; text_orientation=&#8221;center&#8221; global_colors_info=&#8221;{}&#8221;]<\/p>\n<h1>Leons growth<\/h1>\n<p>[\/et_pb_text][\/et_pb_column][\/et_pb_row][et_pb_row _builder_version=&#8221;4.21.0&#8243; _module_preset=&#8221;default&#8221; custom_padding=&#8221;||25px|||&#8221; global_colors_info=&#8221;{}&#8221;][et_pb_column type=&#8221;4_4&#8243; _builder_version=&#8221;4.21.0&#8243; _module_preset=&#8221;default&#8221; global_colors_info=&#8221;{}&#8221;][et_pb_text _builder_version=&#8221;4.27.4&#8243; _module_preset=&#8221;default&#8221; hover_enabled=&#8221;0&#8243; global_colors_info=&#8221;{}&#8221; sticky_enabled=&#8221;0&#8243;]<\/p>\n<p><b>There is no ending in what words i have to defend. There is never enough. The worst thing is that everyone can say whatever they want about me without any documentation and that is then stated as a fact. Every word i say have to be documented or else i am categorised as &#8220;mentally ill&#8221; if i cant back up my words. But back to the actual facts and not Bents made up stories. <\/b><\/p>\n<p><b>I want to back to Canary island. This Norwegian school have stated pretty clear how far behind Leon was in school, this is a direct copy paste: <\/b><\/p>\n<p><b>&#8211; Det faglige niv\u00e5et til Leon skal if\u00f8lge skolen v\u00e6re p\u00e5 et veldig lavt niv\u00e5, og det settes p\u00e5 et 2. eller 3. klasseniv\u00e5. Han visste ikke hvordan han skulle skrive med sm\u00e5 bokstaver eller ha mellomrom mellom ordene. <\/b><\/p>\n<p><b>The school is actually managing to say 3 class, just to try to cover up what Leon have actually gained with me on Canary Island. But the person that wrote the child service complain was so stupid to not check what the actual pensum was for a second grade student. What they describe is a 1 late first grade student. <a href=\"https:\/\/www.udir.no\/lk20\/nor01-06\/kompetansemaal-og-vurdering\/kv116\">Kompetansem\u00e5l etter 2. trinn &#8211; L\u00e6replan i norsk (NOR01-06) (udir.no)<\/a>:<\/b><\/p>\n<ul class=\"curriculum-goals-and-review__goals\">\n<li class=\"curriculum-goal\" id=\"KM1263\">\n<div class=\"curriculum-goal__item\"><span class=\"curriculum-goal__item-text\">trekke bokstavlyder sammen til ord under lesing og skriving<\/span><\/div>\n<\/li>\n<li class=\"curriculum-goal\" id=\"KM1269\">\n<div class=\"curriculum-goal__item\"><span class=\"curriculum-goal__item-text\">lese med sammenheng og forst\u00e5else p\u00e5 papir og digitalt og<span>\u00a0<\/span><span class=\"curriculum-verb\" data-context-id=\"Verb\" data-verb-id=\"VERB18\"><span class=\"curriculum-verb__word\">bruke<\/span><span class=\"curriculum-verb__dropdown-wrapper\" tabindex=\"-1\"><\/span><\/span><span>\u00a0<\/span>enkle strategier for leseforst\u00e5else<\/span><\/div>\n<\/li>\n<li class=\"curriculum-goal\" id=\"KM1267\">\n<div class=\"curriculum-goal__item\"><span class=\"curriculum-goal__item-text\">lytte, ta ordet etter tur og begrunne egne meninger i samtaler<\/span><\/div>\n<\/li>\n<li class=\"curriculum-goal\" id=\"KM1266\">\n<div class=\"curriculum-goal__item\"><span class=\"curriculum-goal__item-text\"><span class=\"curriculum-verb\" data-context-id=\"Verb\" data-verb-id=\"VERB19\"><span class=\"curriculum-verb__word\">beskrive<\/span><span class=\"curriculum-verb__dropdown-wrapper\" tabindex=\"-1\"><\/span><\/span><span>\u00a0<\/span>og fortelle muntlig og skriftlig<\/span><\/div>\n<\/li>\n<li class=\"curriculum-goal\" id=\"KM1262\">\n<div class=\"curriculum-goal__item\"><span class=\"curriculum-goal__item-text\">skrive tekster for h\u00e5nd og med tastatur<\/span><\/div>\n<\/li>\n<li class=\"curriculum-goal\" id=\"KM1265\">\n<div class=\"curriculum-goal__item\"><span class=\"curriculum-goal__item-text\"><span class=\"curriculum-verb\" data-context-id=\"Verb\" data-verb-id=\"VERB18\"><span class=\"curriculum-verb__word\">bruke<\/span><span class=\"curriculum-verb__dropdown-wrapper\" tabindex=\"-1\"><\/span><\/span><span>\u00a0<\/span>store og sm\u00e5 bokstaver, punktum, sp\u00f8rsm\u00e5lstegn og utropstegn i tekster og samtale om egne og andres tekster<\/span><\/div>\n<\/li>\n<\/ul>\n<p><span class=\"curriculum-goal__item-text\"><b>I have told everyone that the level Leon was on was 19% reading and 16% writing in fifth grade when i got Leon. This made him a late first grade. My son could not read, he read letters and used a looong time just to find the right letters, so basically he could not read any words. But the worst part was his writing. Most letters he remembered was only capital letters, and the rest he knew in small letters. So i put up a regime about making task that was only memory tasks. Same thing every day in reading and writing. And after 3 and a half month Leon took the test again and was at 63% on writing, and 67% in reading. So Leon developed 2 semester in 3 and a half month and because i refused to have a special teacher next to Leon the next year, this school decided to send child service after me( the ex decided to send child service after me). So the result when they took Leon from me late may 2023 he was a late sixth grade student in seventh grade and was almost caching up to be ready for secondary school. But since the ex do not follow my regime with reading and writing every day until Leon is where he should be, he have fallen behind again. Which can be proven by tests. <\/b><\/span><\/p>\n<p><span class=\"curriculum-goal__item-text\"><b>The last three years have i refused any special teacher because we fixed it by ourselves and no school wanted to listen to me on how i fixed it, or even check the results from last school to see if a told the truth. But i had control. The school in Alicante says 50%, which put him at around 65-70% in fifth grade, so that is well documented. And Farsund primary school have the test under where Leon is actually right behind where he should be, only 7% away from not being considered as a child that need attention in reading. Leon and myself have done an amazing job making sure he got ready for secondary school, which was our main goal the whole time. Which the test results shows, and if we think how our days have been like the last three years, Leon is a machine, and do not get enough credit for how smart he is. And his qualities is now taken from him because no one listens when it comes to how i fix my kids. And when everyone starts to think about how the schools have harassed me wherever i have gone and made my life miserable, have i always put my kids first. There was no one that could make me go away from Leons growth. While kids have been having saturdays, sundays, christmas and all the different free days, Leon happily did his reading and writing every day. And now are people trying to steal the time where he have actually done good in school, he had confidence, growth, respect, sat still in class. And is already getting behind and back in old traces because of a corrupt system.<\/b><\/span><\/p>\n<p><b><\/b><\/p>\n<p>[\/et_pb_text][\/et_pb_column][\/et_pb_row][et_pb_row column_structure=&#8221;1_2,1_2&#8243; _builder_version=&#8221;4.23.1&#8243; _module_preset=&#8221;default&#8221; global_colors_info=&#8221;{}&#8221;][et_pb_column type=&#8221;1_2&#8243; _builder_version=&#8221;4.23.1&#8243; _module_preset=&#8221;default&#8221; global_colors_info=&#8221;{}&#8221;][et_pb_text _builder_version=&#8221;4.27.4&#8243; _module_preset=&#8221;default&#8221; global_colors_info=&#8221;{}&#8221;]<\/p>\n<p style=\"text-align: center;\"><a href=\"http:\/\/savemykids-backup.top\/wp-content\/uploads\/2023\/11\/Leon-Farsund-1.pdf\" rel=\"attachment wp-att-950\">Leon Farsund<\/a><\/p>\n<p style=\"text-align: center;\">This is the document that involves Leons last test results. It also shows the issues we had in Farsund, but this school stepped up and fixed all the problems Leon faced and i am grateful for that. Leon had three big injuries here. The first 8 days was his two foot was in pain. The next was his ankle that he twisted really bad and was away for almost a couple of weeks. he cut his finger and got stitches. So Leon had a decent amount of home time at this school. But the results of the test proves that he still did school work at home every day.<\/p>\n<p>[\/et_pb_text][\/et_pb_column][et_pb_column type=&#8221;1_2&#8243; _builder_version=&#8221;4.23.1&#8243; _module_preset=&#8221;default&#8221; global_colors_info=&#8221;{}&#8221;][et_pb_text _builder_version=&#8221;4.27.4&#8243; _module_preset=&#8221;default&#8221; global_colors_info=&#8221;{}&#8221;]<\/p>\n<p style=\"text-align: center;\"><a href=\"http:\/\/savemykids-backup.top\/wp-content\/uploads\/2023\/11\/Elevresultat-NPLES08_leon.pdf\" rel=\"attachment wp-att-949\">Elevresultat-NPLES08_leon<\/a><\/p>\n<p style=\"text-align: center;\">here is the last result from the secondary school which put him right on the floor. They took the same test they took in Farsund on him, and Leon read 117 words, had 41 or 42% mistake in understanding what he read, and 17 mistakes i think if i am not wrong. He has a lot more words coming out on this test. But the understanding shouldnt be that bad. So it clearly goes the wrong way. i dont know when this test was taken, but now it has gone 6 months since they kidnapped Leon from me.<\/p>\n<p>[\/et_pb_text][\/et_pb_column][\/et_pb_row][\/et_pb_section][et_pb_section fb_built=&#8221;1&#8243; admin_label=&#8221;Footer&#8221; _builder_version=&#8221;4.20.0&#8243; _module_preset=&#8221;default&#8221; background_color=&#8221;gcid-f23e4087-7455-4520-93f3-7ba111c4463d&#8221; use_background_color_gradient=&#8221;on&#8221; background_color_gradient_direction=&#8221;90deg&#8221; background_color_gradient_stops=&#8221;gcid-6e7959be-8245-4834-bd10-bf3c875e7c87 50%|gcid-f23e4087-7455-4520-93f3-7ba111c4463d 50%&#8221; custom_padding=&#8221;0px||||false|false&#8221; background_last_edited=&#8221;on|tablet&#8221; use_background_color_gradient_tablet=&#8221;off&#8221; saved_tabs=&#8221;all&#8221; collapsed=&#8221;on&#8221; global_colors_info=&#8221;{%22gcid-6e7959be-8245-4834-bd10-bf3c875e7c87%22:%91%22background_color_gradient_stops%22%93,%22gcid-f23e4087-7455-4520-93f3-7ba111c4463d%22:%91%22background_color_gradient_stops%22,%22background_color%22%93}&#8221;][et_pb_row column_structure=&#8221;1_2,1_2&#8243; use_custom_gutter=&#8221;on&#8221; gutter_width=&#8221;1&#8243; _builder_version=&#8221;4.20.0&#8243; _module_preset=&#8221;default&#8221; custom_padding=&#8221;20px||20px||true|false&#8221; border_color_all=&#8221;gcid-05864f7b-18b4-424d-8937-0b09a7c6a082&#8243; border_width_top=&#8221;1px&#8221; global_colors_info=&#8221;{%22gcid-05864f7b-18b4-424d-8937-0b09a7c6a082%22:%91%22border_color_all%22%93}&#8221;][et_pb_column type=&#8221;1_2&#8243; _builder_version=&#8221;4.20.0&#8243; _module_preset=&#8221;default&#8221; global_colors_info=&#8221;{}&#8221;][et_pb_social_media_follow _builder_version=&#8221;4.20.0&#8243; _module_preset=&#8221;default&#8221; global_colors_info=&#8221;{}&#8221;][et_pb_social_media_follow_network social_network=&#8221;facebook&#8221; _builder_version=&#8221;4.20.0&#8243; _module_preset=&#8221;default&#8221; global_colors_info=&#8221;{}&#8221; follow_button=&#8221;off&#8221; url_new_window=&#8221;on&#8221;]facebook[\/et_pb_social_media_follow_network][et_pb_social_media_follow_network social_network=&#8221;twitter&#8221; _builder_version=&#8221;4.20.0&#8243; _module_preset=&#8221;default&#8221; global_colors_info=&#8221;{}&#8221; follow_button=&#8221;off&#8221; url_new_window=&#8221;on&#8221;]twitter[\/et_pb_social_media_follow_network][et_pb_social_media_follow_network social_network=&#8221;instagram&#8221; _builder_version=&#8221;4.20.0&#8243; _module_preset=&#8221;default&#8221; global_colors_info=&#8221;{}&#8221; follow_button=&#8221;off&#8221; url_new_window=&#8221;on&#8221;]instagram[\/et_pb_social_media_follow_network][\/et_pb_social_media_follow][\/et_pb_column][et_pb_column type=&#8221;1_2&#8243; _builder_version=&#8221;4.20.0&#8243; _module_preset=&#8221;default&#8221; global_colors_info=&#8221;{}&#8221;][et_pb_text _builder_version=&#8221;4.21.0&#8243; _dynamic_attributes=&#8221;content&#8221; _module_preset=&#8221;7253ba91-6b28-4b4d-83dd-e267709a9ba6&#8243; text_text_color=&#8221;#F0F0F0&#8243; text_orientation=&#8221;right&#8221; text_orientation_tablet=&#8221;left&#8221; text_orientation_phone=&#8221;&#8221; text_orientation_last_edited=&#8221;on|tablet&#8221; global_colors_info=&#8221;{}&#8221;]@ET-DC@eyJkeW5hbWljIjp0cnVlLCJjb250ZW50IjoiY3VycmVudF9kYXRlIiwic2V0dGluZ3MiOnsiYmVmb3JlIjoiQ29weXJpZ2h0ICZjb3B5OyAiLCJhZnRlciI6IiBNYXJpdXMgU2NvdHQgUm9zcy1TY2htaWR0LiBBbGwgUmlnaHRzIFJlc2VydmVkLiIsImRhdGVfZm9ybWF0IjoiY3VzdG9tIiwiY3VzdG9tX2RhdGVfZm9ybWF0IjoiWSJ9fQ==@[\/et_pb_text][\/et_pb_column][\/et_pb_row][\/et_pb_section]<\/p>\n","protected":false},"excerpt":{"rendered":"<p>Leons growthThere is no ending in what words i have to defend. There is never enough. The worst thing is that everyone can say whatever they want about me without any documentation and that is then stated as a fact. Every word i say have to be documented or else i am categorised as &#8220;mentally [&hellip;]<\/p>\n","protected":false},"author":1,"featured_media":0,"parent":0,"menu_order":0,"comment_status":"closed","ping_status":"closed","template":"","meta":{"_et_pb_use_builder":"on","_et_pb_old_content":"","_et_gb_content_width":"","_monsterinsights_skip_tracking":false,"_monsterinsights_sitenote_active":false,"_monsterinsights_sitenote_note":"","_monsterinsights_sitenote_category":0,"footnotes":""},"class_list":["post-946","page","type-page","status-publish","hentry"],"_links":{"self":[{"href":"https:\/\/savemykids-backup.top\/index.php\/wp-json\/wp\/v2\/pages\/946","targetHints":{"allow":["GET"]}}],"collection":[{"href":"https:\/\/savemykids-backup.top\/index.php\/wp-json\/wp\/v2\/pages"}],"about":[{"href":"https:\/\/savemykids-backup.top\/index.php\/wp-json\/wp\/v2\/types\/page"}],"author":[{"embeddable":true,"href":"https:\/\/savemykids-backup.top\/index.php\/wp-json\/wp\/v2\/users\/1"}],"replies":[{"embeddable":true,"href":"https:\/\/savemykids-backup.top\/index.php\/wp-json\/wp\/v2\/comments?post=946"}],"version-history":[{"count":13,"href":"https:\/\/savemykids-backup.top\/index.php\/wp-json\/wp\/v2\/pages\/946\/revisions"}],"predecessor-version":[{"id":1354,"href":"https:\/\/savemykids-backup.top\/index.php\/wp-json\/wp\/v2\/pages\/946\/revisions\/1354"}],"wp:attachment":[{"href":"https:\/\/savemykids-backup.top\/index.php\/wp-json\/wp\/v2\/media?parent=946"}],"curies":[{"name":"wp","href":"https:\/\/api.w.org\/{rel}","templated":true}]}}